{"id":3618,"date":"2024-10-14T15:56:52","date_gmt":"2024-10-14T13:56:52","guid":{"rendered":"https:\/\/lesaidesdefreddy.com\/?post_type=product&#038;p=3618"},"modified":"2024-11-27T16:36:42","modified_gmt":"2024-11-27T15:36:42","slug":"document-prepa-examens-top-chrono-maths-tle-d","status":"publish","type":"product","link":"https:\/\/lesaidesdefreddy.com\/index.php\/produit\/document-prepa-examens-top-chrono-maths-tle-d\/","title":{"rendered":"DOCUMENT PREPA EXAMENS TOP CHRONO MATHS Tle D"},"content":{"rendered":"<p><strong>DOCUMENT PREPA EXAMENS TOP CHRONO MATHS Tle D<\/strong><\/p>\n<p><strong>POUR UN ENTRAINEMENT EFFICACE POUR LE BACCALAUREAT<\/strong><\/p>\n<div class=\"woocommerce-product-details__short-description\">\n<div class=\"x11i5rnm xat24cr x1mh8g0r x1vvkbs xtlvy1s x126k92a\">\n<div dir=\"auto\"><strong><span class=\"x3nfvp2 x1j61x8r x1fcty0u xdj266r xhhsvwb xat24cr xgzva0m xxymvpz xlup9mm x1kky2od\"><img decoding=\"async\" class=\"xz74otr\" src=\"https:\/\/static.xx.fbcdn.net\/images\/emoji.php\/v9\/tba\/1.5\/16\/2705.png\" alt=\"\u2705\" width=\"16\" height=\"16\" \/> <\/span><em>Rappel de cours<\/em><\/strong><\/div>\n<div dir=\"auto\">\n<p><span class=\"x3nfvp2 x1j61x8r x1fcty0u xdj266r xhhsvwb xat24cr xgzva0m xxymvpz xlup9mm x1kky2od\"><em><strong><img decoding=\"async\" class=\"xz74otr\" src=\"https:\/\/static.xx.fbcdn.net\/images\/emoji.php\/v9\/tba\/1.5\/16\/2705.png\" alt=\"\u2705\" width=\"16\" height=\"16\" \/> M\u00e9thodes pratiques<\/strong><\/em><br \/>\n<em><strong><img decoding=\"async\" class=\"xz74otr\" src=\"https:\/\/static.xx.fbcdn.net\/images\/emoji.php\/v9\/tba\/1.5\/16\/2705.png\" alt=\"\u2705\" width=\"16\" height=\"16\" \/> Exercices et probl\u00e8mes r\u00e9solus<\/strong><\/em><br \/>\n<em><img decoding=\"async\" class=\"xz74otr\" src=\"https:\/\/static.xx.fbcdn.net\/images\/emoji.php\/v9\/tba\/1.5\/16\/2705.png\" alt=\"\u2705\" width=\"16\" height=\"16\" \/> 10 derniers sujets du BAC <strong>enti\u00e8rement r\u00e9solus<\/strong><\/em><br \/>\n<em><img decoding=\"async\" class=\"xz74otr\" src=\"https:\/\/static.xx.fbcdn.net\/images\/emoji.php\/v9\/tba\/1.5\/16\/2705.png\" alt=\"\u2705\" width=\"16\" height=\"16\" \/> Adh\u00e9sion gratuit \u00e0 notre <strong>groupe WhatsApp 100% REUSSITE<\/strong><br \/>\n<img decoding=\"async\" class=\"xz74otr\" src=\"https:\/\/static.xx.fbcdn.net\/images\/emoji.php\/v9\/tba\/1.5\/16\/2705.png\" alt=\"\u2705\" width=\"16\" height=\"16\" \/> <strong>+50 Anciens sujets de toutes les mati\u00e8res du BAC non r\u00e9solus offerts<\/strong> en fichiers num\u00e9rique PDF<\/em><\/span><\/p>\n<\/div>\n<\/div>\n<\/div>\n<p><span class=\"x3nfvp2 x1j61x8r x1fcty0u xdj266r xhhsvwb xat24cr xgzva0m xxymvpz xlup9mm x1kky2od\"><img decoding=\"async\" class=\"xz74otr\" src=\"https:\/\/static.xx.fbcdn.net\/images\/emoji.php\/v9\/tba\/1.5\/16\/2705.png\" alt=\"\u2705\" width=\"16\" height=\"16\" \/> <\/span>Livraison Gratuite partout en C\u00f4te d&rsquo;Ivoire<\/p>\n","protected":false},"excerpt":{"rendered":"<div class=\"woocommerce-product-details__short-description\">\n<div class=\"x11i5rnm xat24cr x1mh8g0r x1vvkbs xtlvy1s x126k92a\">\n<div dir=\"auto\">\n<p><strong>POUR UN ENTRAINEMENT EFFICACE DU BACCALAUREAT<\/strong><\/p>\n<div class=\"woocommerce-product-details__short-description\">\n<div class=\"x11i5rnm xat24cr x1mh8g0r x1vvkbs xtlvy1s x126k92a\">\n<div dir=\"auto\"><strong><span class=\"x3nfvp2 x1j61x8r x1fcty0u xdj266r xhhsvwb xat24cr xgzva0m xxymvpz xlup9mm x1kky2od\"><img decoding=\"async\" class=\"xz74otr\" src=\"https:\/\/static.xx.fbcdn.net\/images\/emoji.php\/v9\/tba\/1.5\/16\/2705.png\" alt=\"\u2705\" width=\"16\" height=\"16\" \/> <\/span><em>Rappel de cours<\/em><\/strong><\/div>\n<div dir=\"auto\">\n<p><span class=\"x3nfvp2 x1j61x8r x1fcty0u xdj266r xhhsvwb xat24cr xgzva0m xxymvpz xlup9mm x1kky2od\"><em><strong><img decoding=\"async\" class=\"xz74otr\" src=\"https:\/\/static.xx.fbcdn.net\/images\/emoji.php\/v9\/tba\/1.5\/16\/2705.png\" alt=\"\u2705\" width=\"16\" height=\"16\" \/> M\u00e9thodes pratiques<\/strong><\/em><br \/>\n<em><strong><img decoding=\"async\" class=\"xz74otr\" src=\"https:\/\/static.xx.fbcdn.net\/images\/emoji.php\/v9\/tba\/1.5\/16\/2705.png\" alt=\"\u2705\" width=\"16\" height=\"16\" \/> Exercices et probl\u00e8mes r\u00e9solus<\/strong><\/em><br \/>\n<em><img decoding=\"async\" class=\"xz74otr\" src=\"https:\/\/static.xx.fbcdn.net\/images\/emoji.php\/v9\/tba\/1.5\/16\/2705.png\" alt=\"\u2705\" width=\"16\" height=\"16\" \/> 10 derniers sujets du BAC <strong>enti\u00e8rement r\u00e9solus<\/strong><\/em><br \/>\n<em><img decoding=\"async\" class=\"xz74otr\" src=\"https:\/\/static.xx.fbcdn.net\/images\/emoji.php\/v9\/tba\/1.5\/16\/2705.png\" alt=\"\u2705\" width=\"16\" height=\"16\" \/> Adh\u00e9sion gratuit \u00e0 notre <strong>groupe WhatsApp 100% REUSSITE<\/strong><br \/>\n<img decoding=\"async\" class=\"xz74otr\" src=\"https:\/\/static.xx.fbcdn.net\/images\/emoji.php\/v9\/tba\/1.5\/16\/2705.png\" alt=\"\u2705\" width=\"16\" height=\"16\" \/> <strong>+50 Anciens sujets de toutes les mati\u00e8res du BAC non r\u00e9solus offerts<\/strong> en fichiers num\u00e9rique PDF<\/em><\/span><\/p>\n<p><em><strong>NB: Pour Tle C\/E disponibles \u00e9galement<\/strong><\/em><\/p>\n<\/div>\n<\/div>\n<\/div>\n<p><span class=\"x3nfvp2 x1j61x8r x1fcty0u xdj266r xhhsvwb xat24cr xgzva0m xxymvpz xlup9mm x1kky2od\"><img decoding=\"async\" class=\"xz74otr\" src=\"https:\/\/static.xx.fbcdn.net\/images\/emoji.php\/v9\/tba\/1.5\/16\/2705.png\" alt=\"\u2705\" width=\"16\" height=\"16\" \/> <\/span>Livraison Gratuite partout en C\u00f4te d&rsquo;Ivoire<\/p>\n<\/div>\n<\/div>\n<\/div>\n<p>&nbsp;<\/p>\n","protected":false},"featured_media":3619,"comment_status":"open","ping_status":"closed","template":"","meta":[],"product_brand":[],"product_cat":[42,19],"product_tag":[],"class_list":{"0":"post-3618","1":"product","2":"type-product","3":"status-publish","4":"has-post-thumbnail","6":"product_cat-doc_physique","7":"product_cat-examens","9":"entry","10":"has-media","12":"first","13":"instock","14":"sale","15":"shipping-taxable","16":"purchasable","17":"product-type-simple","18":"has-product-nav","19":"col","20":"span_1_of_3","21":"owp-content-center","22":"owp-thumbs-layout-horizontal","23":"owp-btn-normal","24":"owp-tabs-layout-horizontal"},"yoast_head":"<!-- This site is optimized with the Yoast SEO plugin v27.4 - https:\/\/yoast.com\/product\/yoast-seo-wordpress\/ -->\n<title>DOCUMENT PREPA EXAMENS TOP CHRONO MATHS Tle D - LES AIDES DE FREDDY<\/title>\n<meta name=\"description\" content=\"DOCUMENT PREPA EXAMENS TOP CHRONO MATHS Tle D - LIVRAISON PARTOUT EN COTE D&#039;IVOIRE\" \/>\n<meta name=\"robots\" content=\"index, follow, max-snippet:-1, max-image-preview:large, max-video-preview:-1\" \/>\n<link rel=\"canonical\" href=\"https:\/\/lesaidesdefreddy.com\/index.php\/produit\/document-prepa-examens-top-chrono-maths-tle-d\/\" \/>\n<meta property=\"og:locale\" content=\"fr_FR\" \/>\n<meta property=\"og:type\" content=\"article\" \/>\n<meta property=\"og:title\" content=\"DOCUMENT PREPA EXAMENS TOP CHRONO MATHS Tle D - LES AIDES DE FREDDY\" \/>\n<meta property=\"og:description\" content=\"DOCUMENT PREPA EXAMENS TOP CHRONO MATHS Tle D - LIVRAISON PARTOUT EN COTE D&#039;IVOIRE\" \/>\n<meta property=\"og:url\" content=\"https:\/\/lesaidesdefreddy.com\/index.php\/produit\/document-prepa-examens-top-chrono-maths-tle-d\/\" \/>\n<meta property=\"og:site_name\" content=\"LES AIDES DE FREDDY\" \/>\n<meta property=\"article:publisher\" content=\"https:\/\/www.facebook.com\/freddyshelp\/\" \/>\n<meta property=\"article:modified_time\" content=\"2024-11-27T15:36:42+00:00\" \/>\n<meta property=\"og:image\" content=\"https:\/\/lesaidesdefreddy.com\/wp-content\/uploads\/2024\/10\/top-chrono-maths-tle-D.jpg\" \/>\n\t<meta property=\"og:image:width\" content=\"810\" \/>\n\t<meta property=\"og:image:height\" content=\"1216\" \/>\n\t<meta property=\"og:image:type\" content=\"image\/jpeg\" \/>\n<meta name=\"twitter:card\" content=\"summary_large_image\" \/>\n<meta name=\"twitter:label1\" content=\"Dur\u00e9e de lecture estim\u00e9e\" \/>\n\t<meta name=\"twitter:data1\" content=\"2 minutes\" \/>\n<script type=\"application\/ld+json\" class=\"yoast-schema-graph\">{\"@context\":\"https:\\\/\\\/schema.org\",\"@graph\":[{\"@type\":\"WebPage\",\"@id\":\"https:\\\/\\\/lesaidesdefreddy.com\\\/index.php\\\/produit\\\/document-prepa-examens-top-chrono-maths-tle-d\\\/\",\"url\":\"https:\\\/\\\/lesaidesdefreddy.com\\\/index.php\\\/produit\\\/document-prepa-examens-top-chrono-maths-tle-d\\\/\",\"name\":\"DOCUMENT PREPA EXAMENS TOP CHRONO MATHS Tle D - LES AIDES DE FREDDY\",\"isPartOf\":{\"@id\":\"https:\\\/\\\/lesaidesdefreddy.com\\\/#website\"},\"primaryImageOfPage\":{\"@id\":\"https:\\\/\\\/lesaidesdefreddy.com\\\/index.php\\\/produit\\\/document-prepa-examens-top-chrono-maths-tle-d\\\/#primaryimage\"},\"image\":{\"@id\":\"https:\\\/\\\/lesaidesdefreddy.com\\\/index.php\\\/produit\\\/document-prepa-examens-top-chrono-maths-tle-d\\\/#primaryimage\"},\"thumbnailUrl\":\"https:\\\/\\\/lesaidesdefreddy.com\\\/wp-content\\\/uploads\\\/2024\\\/10\\\/top-chrono-maths-tle-D.jpg\",\"datePublished\":\"2024-10-14T13:56:52+00:00\",\"dateModified\":\"2024-11-27T15:36:42+00:00\",\"description\":\"DOCUMENT PREPA EXAMENS TOP CHRONO MATHS Tle D - LIVRAISON PARTOUT EN COTE D'IVOIRE\",\"breadcrumb\":{\"@id\":\"https:\\\/\\\/lesaidesdefreddy.com\\\/index.php\\\/produit\\\/document-prepa-examens-top-chrono-maths-tle-d\\\/#breadcrumb\"},\"inLanguage\":\"fr-FR\",\"potentialAction\":[{\"@type\":\"ReadAction\",\"target\":[\"https:\\\/\\\/lesaidesdefreddy.com\\\/index.php\\\/produit\\\/document-prepa-examens-top-chrono-maths-tle-d\\\/\"]}]},{\"@type\":\"ImageObject\",\"inLanguage\":\"fr-FR\",\"@id\":\"https:\\\/\\\/lesaidesdefreddy.com\\\/index.php\\\/produit\\\/document-prepa-examens-top-chrono-maths-tle-d\\\/#primaryimage\",\"url\":\"https:\\\/\\\/lesaidesdefreddy.com\\\/wp-content\\\/uploads\\\/2024\\\/10\\\/top-chrono-maths-tle-D.jpg\",\"contentUrl\":\"https:\\\/\\\/lesaidesdefreddy.com\\\/wp-content\\\/uploads\\\/2024\\\/10\\\/top-chrono-maths-tle-D.jpg\",\"width\":810,\"height\":1216},{\"@type\":\"BreadcrumbList\",\"@id\":\"https:\\\/\\\/lesaidesdefreddy.com\\\/index.php\\\/produit\\\/document-prepa-examens-top-chrono-maths-tle-d\\\/#breadcrumb\",\"itemListElement\":[{\"@type\":\"ListItem\",\"position\":1,\"name\":\"Accueil\",\"item\":\"https:\\\/\\\/lesaidesdefreddy.com\\\/\"},{\"@type\":\"ListItem\",\"position\":2,\"name\":\"Boutique\",\"item\":\"https:\\\/\\\/lesaidesdefreddy.com\\\/index.php\\\/boutique\\\/\"},{\"@type\":\"ListItem\",\"position\":3,\"name\":\"DOCUMENT PREPA EXAMENS TOP CHRONO MATHS Tle D\"}]},{\"@type\":\"WebSite\",\"@id\":\"https:\\\/\\\/lesaidesdefreddy.com\\\/#website\",\"url\":\"https:\\\/\\\/lesaidesdefreddy.com\\\/\",\"name\":\"LES AIDES DE FREDDY\",\"description\":\"Simplicit\u00e9 &amp; Facilit\u00e9 - Avec Freddy, tout devient simple et tr\u00e8s facile\",\"publisher\":{\"@id\":\"https:\\\/\\\/lesaidesdefreddy.com\\\/#organization\"},\"potentialAction\":[{\"@type\":\"SearchAction\",\"target\":{\"@type\":\"EntryPoint\",\"urlTemplate\":\"https:\\\/\\\/lesaidesdefreddy.com\\\/?s={search_term_string}\"},\"query-input\":{\"@type\":\"PropertyValueSpecification\",\"valueRequired\":true,\"valueName\":\"search_term_string\"}}],\"inLanguage\":\"fr-FR\"},{\"@type\":\"Organization\",\"@id\":\"https:\\\/\\\/lesaidesdefreddy.com\\\/#organization\",\"name\":\"LES AIDES DE FREDDY\",\"url\":\"https:\\\/\\\/lesaidesdefreddy.com\\\/\",\"logo\":{\"@type\":\"ImageObject\",\"inLanguage\":\"fr-FR\",\"@id\":\"https:\\\/\\\/lesaidesdefreddy.com\\\/#\\\/schema\\\/logo\\\/image\\\/\",\"url\":\"https:\\\/\\\/lesaidesdefreddy.com\\\/wp-content\\\/uploads\\\/2023\\\/10\\\/freddy-logo.jpg\",\"contentUrl\":\"https:\\\/\\\/lesaidesdefreddy.com\\\/wp-content\\\/uploads\\\/2023\\\/10\\\/freddy-logo.jpg\",\"width\":150,\"height\":150,\"caption\":\"LES AIDES DE FREDDY\"},\"image\":{\"@id\":\"https:\\\/\\\/lesaidesdefreddy.com\\\/#\\\/schema\\\/logo\\\/image\\\/\"},\"sameAs\":[\"https:\\\/\\\/www.facebook.com\\\/freddyshelp\\\/\",\"https:\\\/\\\/www.youtube.com\\\/@lesaidesdefreddy\"]}]}<\/script>\n<!-- \/ Yoast SEO plugin. -->","yoast_head_json":{"title":"DOCUMENT PREPA EXAMENS TOP CHRONO MATHS Tle D - LES AIDES DE FREDDY","description":"DOCUMENT PREPA EXAMENS TOP CHRONO MATHS Tle D - LIVRAISON PARTOUT EN COTE D'IVOIRE","robots":{"index":"index","follow":"follow","max-snippet":"max-snippet:-1","max-image-preview":"max-image-preview:large","max-video-preview":"max-video-preview:-1"},"canonical":"https:\/\/lesaidesdefreddy.com\/index.php\/produit\/document-prepa-examens-top-chrono-maths-tle-d\/","og_locale":"fr_FR","og_type":"article","og_title":"DOCUMENT PREPA EXAMENS TOP CHRONO MATHS Tle D - LES AIDES DE FREDDY","og_description":"DOCUMENT PREPA EXAMENS TOP CHRONO MATHS Tle D - LIVRAISON PARTOUT EN COTE D'IVOIRE","og_url":"https:\/\/lesaidesdefreddy.com\/index.php\/produit\/document-prepa-examens-top-chrono-maths-tle-d\/","og_site_name":"LES AIDES DE FREDDY","article_publisher":"https:\/\/www.facebook.com\/freddyshelp\/","article_modified_time":"2024-11-27T15:36:42+00:00","og_image":[{"width":810,"height":1216,"url":"https:\/\/lesaidesdefreddy.com\/wp-content\/uploads\/2024\/10\/top-chrono-maths-tle-D.jpg","type":"image\/jpeg"}],"twitter_card":"summary_large_image","twitter_misc":{"Dur\u00e9e de lecture estim\u00e9e":"2 minutes"},"schema":{"@context":"https:\/\/schema.org","@graph":[{"@type":"WebPage","@id":"https:\/\/lesaidesdefreddy.com\/index.php\/produit\/document-prepa-examens-top-chrono-maths-tle-d\/","url":"https:\/\/lesaidesdefreddy.com\/index.php\/produit\/document-prepa-examens-top-chrono-maths-tle-d\/","name":"DOCUMENT PREPA EXAMENS TOP CHRONO MATHS Tle D - LES AIDES DE FREDDY","isPartOf":{"@id":"https:\/\/lesaidesdefreddy.com\/#website"},"primaryImageOfPage":{"@id":"https:\/\/lesaidesdefreddy.com\/index.php\/produit\/document-prepa-examens-top-chrono-maths-tle-d\/#primaryimage"},"image":{"@id":"https:\/\/lesaidesdefreddy.com\/index.php\/produit\/document-prepa-examens-top-chrono-maths-tle-d\/#primaryimage"},"thumbnailUrl":"https:\/\/lesaidesdefreddy.com\/wp-content\/uploads\/2024\/10\/top-chrono-maths-tle-D.jpg","datePublished":"2024-10-14T13:56:52+00:00","dateModified":"2024-11-27T15:36:42+00:00","description":"DOCUMENT PREPA EXAMENS TOP CHRONO MATHS Tle D - LIVRAISON PARTOUT EN COTE D'IVOIRE","breadcrumb":{"@id":"https:\/\/lesaidesdefreddy.com\/index.php\/produit\/document-prepa-examens-top-chrono-maths-tle-d\/#breadcrumb"},"inLanguage":"fr-FR","potentialAction":[{"@type":"ReadAction","target":["https:\/\/lesaidesdefreddy.com\/index.php\/produit\/document-prepa-examens-top-chrono-maths-tle-d\/"]}]},{"@type":"ImageObject","inLanguage":"fr-FR","@id":"https:\/\/lesaidesdefreddy.com\/index.php\/produit\/document-prepa-examens-top-chrono-maths-tle-d\/#primaryimage","url":"https:\/\/lesaidesdefreddy.com\/wp-content\/uploads\/2024\/10\/top-chrono-maths-tle-D.jpg","contentUrl":"https:\/\/lesaidesdefreddy.com\/wp-content\/uploads\/2024\/10\/top-chrono-maths-tle-D.jpg","width":810,"height":1216},{"@type":"BreadcrumbList","@id":"https:\/\/lesaidesdefreddy.com\/index.php\/produit\/document-prepa-examens-top-chrono-maths-tle-d\/#breadcrumb","itemListElement":[{"@type":"ListItem","position":1,"name":"Accueil","item":"https:\/\/lesaidesdefreddy.com\/"},{"@type":"ListItem","position":2,"name":"Boutique","item":"https:\/\/lesaidesdefreddy.com\/index.php\/boutique\/"},{"@type":"ListItem","position":3,"name":"DOCUMENT PREPA EXAMENS TOP CHRONO MATHS Tle D"}]},{"@type":"WebSite","@id":"https:\/\/lesaidesdefreddy.com\/#website","url":"https:\/\/lesaidesdefreddy.com\/","name":"LES AIDES DE FREDDY","description":"Simplicit\u00e9 &amp; Facilit\u00e9 - Avec Freddy, tout devient simple et tr\u00e8s facile","publisher":{"@id":"https:\/\/lesaidesdefreddy.com\/#organization"},"potentialAction":[{"@type":"SearchAction","target":{"@type":"EntryPoint","urlTemplate":"https:\/\/lesaidesdefreddy.com\/?s={search_term_string}"},"query-input":{"@type":"PropertyValueSpecification","valueRequired":true,"valueName":"search_term_string"}}],"inLanguage":"fr-FR"},{"@type":"Organization","@id":"https:\/\/lesaidesdefreddy.com\/#organization","name":"LES AIDES DE FREDDY","url":"https:\/\/lesaidesdefreddy.com\/","logo":{"@type":"ImageObject","inLanguage":"fr-FR","@id":"https:\/\/lesaidesdefreddy.com\/#\/schema\/logo\/image\/","url":"https:\/\/lesaidesdefreddy.com\/wp-content\/uploads\/2023\/10\/freddy-logo.jpg","contentUrl":"https:\/\/lesaidesdefreddy.com\/wp-content\/uploads\/2023\/10\/freddy-logo.jpg","width":150,"height":150,"caption":"LES AIDES DE FREDDY"},"image":{"@id":"https:\/\/lesaidesdefreddy.com\/#\/schema\/logo\/image\/"},"sameAs":["https:\/\/www.facebook.com\/freddyshelp\/","https:\/\/www.youtube.com\/@lesaidesdefreddy"]}]}},"_links":{"self":[{"href":"https:\/\/lesaidesdefreddy.com\/index.php\/wp-json\/wp\/v2\/product\/3618","targetHints":{"allow":["GET"]}}],"collection":[{"href":"https:\/\/lesaidesdefreddy.com\/index.php\/wp-json\/wp\/v2\/product"}],"about":[{"href":"https:\/\/lesaidesdefreddy.com\/index.php\/wp-json\/wp\/v2\/types\/product"}],"replies":[{"embeddable":true,"href":"https:\/\/lesaidesdefreddy.com\/index.php\/wp-json\/wp\/v2\/comments?post=3618"}],"wp:featuredmedia":[{"embeddable":true,"href":"https:\/\/lesaidesdefreddy.com\/index.php\/wp-json\/wp\/v2\/media\/3619"}],"wp:attachment":[{"href":"https:\/\/lesaidesdefreddy.com\/index.php\/wp-json\/wp\/v2\/media?parent=3618"}],"wp:term":[{"taxonomy":"product_brand","embeddable":true,"href":"https:\/\/lesaidesdefreddy.com\/index.php\/wp-json\/wp\/v2\/product_brand?post=3618"},{"taxonomy":"product_cat","embeddable":true,"href":"https:\/\/lesaidesdefreddy.com\/index.php\/wp-json\/wp\/v2\/product_cat?post=3618"},{"taxonomy":"product_tag","embeddable":true,"href":"https:\/\/lesaidesdefreddy.com\/index.php\/wp-json\/wp\/v2\/product_tag?post=3618"}],"curies":[{"name":"wp","href":"https:\/\/api.w.org\/{rel}","templated":true}]}}