{"id":2749,"date":"2024-04-02T17:47:35","date_gmt":"2024-04-02T15:47:35","guid":{"rendered":"https:\/\/lesaidesdefreddy.com\/?post_type=product&#038;p=2749"},"modified":"2025-01-24T16:55:09","modified_gmt":"2025-01-24T15:55:09","slug":"document-de-preparation-infas-ide-sf","status":"publish","type":"product","link":"https:\/\/lesaidesdefreddy.com\/index.php\/produit\/document-de-preparation-infas-ide-sf\/","title":{"rendered":"DOCUMENT DE PREPARATION INFAS (IDE, SF, &#8230;)"},"content":{"rendered":"<p>DOCUMENT DE PREPARATION INFAS (IDE, SF, &#8230;)<\/p>\n<p>Le Document comporte les mati\u00e8res suivantes :<\/p>\n<div class=\"woocommerce-product-details__short-description\">\n<div class=\"x11i5rnm xat24cr x1mh8g0r x1vvkbs xtlvy1s x126k92a\">\n<div dir=\"auto\"><span class=\"x3nfvp2 x1j61x8r x1fcty0u xdj266r xhhsvwb xat24cr xgzva0m xxymvpz xlup9mm x1kky2od\"><img decoding=\"async\" class=\"xz74otr\" src=\"https:\/\/static.xx.fbcdn.net\/images\/emoji.php\/v9\/tba\/1.5\/16\/2705.png\" alt=\"\u2705\" width=\"16\" height=\"16\" \/> <\/span>Culture G\u00e9n\u00e9rale<\/div>\n<div dir=\"auto\"><span class=\"x3nfvp2 x1j61x8r x1fcty0u xdj266r xhhsvwb xat24cr xgzva0m xxymvpz xlup9mm x1kky2od\"><img decoding=\"async\" class=\"xz74otr\" src=\"https:\/\/static.xx.fbcdn.net\/images\/emoji.php\/v9\/tba\/1.5\/16\/2705.png\" alt=\"\u2705\" width=\"16\" height=\"16\" \/> Biologie<br \/>\n<img decoding=\"async\" class=\"xz74otr\" src=\"https:\/\/static.xx.fbcdn.net\/images\/emoji.php\/v9\/tba\/1.5\/16\/2705.png\" alt=\"\u2705\" width=\"16\" height=\"16\" \/> Fran\u00e7ais\u00a0<\/span><\/div>\n<div dir=\"auto\"><\/div>\n<\/div>\n<\/div>\n<p><span class=\"x3nfvp2 x1j61x8r x1fcty0u xdj266r xhhsvwb xat24cr xgzva0m xxymvpz xlup9mm x1kky2od\"><img decoding=\"async\" class=\"xz74otr\" src=\"https:\/\/static.xx.fbcdn.net\/images\/emoji.php\/v9\/tba\/1.5\/16\/2705.png\" alt=\"\u2705\" width=\"16\" height=\"16\" \/> <\/span>Livraison Gratuite partout en C\u00f4te d&rsquo;Ivoire<\/p>\n","protected":false},"excerpt":{"rendered":"<div class=\"woocommerce-product-details__short-description\">\n<div class=\"x11i5rnm xat24cr x1mh8g0r x1vvkbs xtlvy1s x126k92a\">\n<div dir=\"auto\">DOCUMENT DE PREPARATION INFAS (IDE, SF, &#8230;)<\/div>\n<div dir=\"auto\"><\/div>\n<div dir=\"auto\"><span class=\"x3nfvp2 x1j61x8r x1fcty0u xdj266r xhhsvwb xat24cr xgzva0m xxymvpz xlup9mm x1kky2od\"><img decoding=\"async\" class=\"xz74otr\" src=\"https:\/\/static.xx.fbcdn.net\/images\/emoji.php\/v9\/tba\/1.5\/16\/2705.png\" alt=\"\u2705\" width=\"16\" height=\"16\" \/> <\/span>Culture G\u00e9n\u00e9rale<\/div>\n<div dir=\"auto\"><span class=\"x3nfvp2 x1j61x8r x1fcty0u xdj266r xhhsvwb xat24cr xgzva0m xxymvpz xlup9mm x1kky2od\"><img decoding=\"async\" class=\"xz74otr\" src=\"https:\/\/static.xx.fbcdn.net\/images\/emoji.php\/v9\/tba\/1.5\/16\/2705.png\" alt=\"\u2705\" width=\"16\" height=\"16\" \/> Biologie<br \/>\n<img decoding=\"async\" class=\"xz74otr\" src=\"https:\/\/static.xx.fbcdn.net\/images\/emoji.php\/v9\/tba\/1.5\/16\/2705.png\" alt=\"\u2705\" width=\"16\" height=\"16\" \/> Fran\u00e7ais<\/span><\/div>\n<\/div>\n<\/div>\n<p><span class=\"x3nfvp2 x1j61x8r x1fcty0u xdj266r xhhsvwb xat24cr xgzva0m xxymvpz xlup9mm x1kky2od\"><img decoding=\"async\" class=\"xz74otr\" src=\"https:\/\/static.xx.fbcdn.net\/images\/emoji.php\/v9\/tba\/1.5\/16\/2705.png\" alt=\"\u2705\" width=\"16\" height=\"16\" \/> <\/span>Livraison Gratuite partout en C\u00f4te d&rsquo;Ivoire<\/p>\n<p>&nbsp;<\/p>\n","protected":false},"featured_media":2750,"comment_status":"open","ping_status":"closed","template":"","meta":[],"product_brand":[],"product_cat":[18,42],"product_tag":[],"class_list":{"0":"post-2749","1":"product","2":"type-product","3":"status-publish","4":"has-post-thumbnail","6":"product_cat-concours","7":"product_cat-doc_physique","9":"entry","10":"has-media","12":"first","13":"instock","14":"sale","15":"shipping-taxable","16":"purchasable","17":"product-type-simple","18":"has-product-nav","19":"col","20":"span_1_of_3","21":"owp-content-center","22":"owp-thumbs-layout-horizontal","23":"owp-btn-normal","24":"owp-tabs-layout-horizontal"},"yoast_head":"<!-- This site is optimized with the Yoast SEO plugin v27.2 - https:\/\/yoast.com\/product\/yoast-seo-wordpress\/ -->\n<title>DOCUMENT DE PREPARATION INFAS (IDE, SF, ...) - LES AIDES DE FREDDY<\/title>\n<meta name=\"description\" content=\"DOCUMENT DE PREPARATION ENS EDUCATEUR\u00a0- BIOLOGIE - CULTURE GENERALE - FRANCAIS - LIVRAISON PARTOUT EN COTE D&#039;IVOIRE\" \/>\n<meta name=\"robots\" content=\"index, follow, max-snippet:-1, max-image-preview:large, max-video-preview:-1\" \/>\n<link rel=\"canonical\" href=\"https:\/\/lesaidesdefreddy.com\/index.php\/produit\/document-de-preparation-infas-ide-sf\/\" \/>\n<meta property=\"og:locale\" content=\"fr_FR\" \/>\n<meta property=\"og:type\" content=\"article\" \/>\n<meta property=\"og:title\" content=\"DOCUMENT DE PREPARATION INFAS (IDE, SF, ...) - LES AIDES DE FREDDY\" \/>\n<meta property=\"og:description\" content=\"DOCUMENT DE PREPARATION ENS EDUCATEUR\u00a0- BIOLOGIE - CULTURE GENERALE - FRANCAIS - LIVRAISON PARTOUT EN COTE D&#039;IVOIRE\" \/>\n<meta property=\"og:url\" content=\"https:\/\/lesaidesdefreddy.com\/index.php\/produit\/document-de-preparation-infas-ide-sf\/\" \/>\n<meta property=\"og:site_name\" content=\"LES AIDES DE FREDDY\" \/>\n<meta property=\"article:publisher\" content=\"https:\/\/www.facebook.com\/freddyshelp\/\" \/>\n<meta property=\"article:modified_time\" content=\"2025-01-24T15:55:09+00:00\" \/>\n<meta property=\"og:image\" content=\"https:\/\/lesaidesdefreddy.com\/wp-content\/uploads\/2024\/04\/INFAS-INFIRMIER-SAGE-FEMME.jpeg\" \/>\n\t<meta property=\"og:image:width\" content=\"507\" \/>\n\t<meta property=\"og:image:height\" content=\"702\" \/>\n\t<meta property=\"og:image:type\" content=\"image\/jpeg\" \/>\n<meta name=\"twitter:card\" content=\"summary_large_image\" \/>\n<meta name=\"twitter:label1\" content=\"Dur\u00e9e de lecture estim\u00e9e\" \/>\n\t<meta name=\"twitter:data1\" content=\"2 minutes\" \/>\n<script type=\"application\/ld+json\" class=\"yoast-schema-graph\">{\"@context\":\"https:\/\/schema.org\",\"@graph\":[{\"@type\":\"WebPage\",\"@id\":\"https:\/\/lesaidesdefreddy.com\/index.php\/produit\/document-de-preparation-infas-ide-sf\/\",\"url\":\"https:\/\/lesaidesdefreddy.com\/index.php\/produit\/document-de-preparation-infas-ide-sf\/\",\"name\":\"DOCUMENT DE PREPARATION INFAS (IDE, SF, ...) - LES AIDES DE FREDDY\",\"isPartOf\":{\"@id\":\"https:\/\/lesaidesdefreddy.com\/#website\"},\"primaryImageOfPage\":{\"@id\":\"https:\/\/lesaidesdefreddy.com\/index.php\/produit\/document-de-preparation-infas-ide-sf\/#primaryimage\"},\"image\":{\"@id\":\"https:\/\/lesaidesdefreddy.com\/index.php\/produit\/document-de-preparation-infas-ide-sf\/#primaryimage\"},\"thumbnailUrl\":\"https:\/\/lesaidesdefreddy.com\/wp-content\/uploads\/2024\/04\/INFAS-INFIRMIER-SAGE-FEMME.jpeg\",\"datePublished\":\"2024-04-02T15:47:35+00:00\",\"dateModified\":\"2025-01-24T15:55:09+00:00\",\"description\":\"DOCUMENT DE PREPARATION ENS EDUCATEUR\u00a0- BIOLOGIE - CULTURE GENERALE - FRANCAIS - LIVRAISON PARTOUT EN COTE D'IVOIRE\",\"breadcrumb\":{\"@id\":\"https:\/\/lesaidesdefreddy.com\/index.php\/produit\/document-de-preparation-infas-ide-sf\/#breadcrumb\"},\"inLanguage\":\"fr-FR\",\"potentialAction\":[{\"@type\":\"ReadAction\",\"target\":[\"https:\/\/lesaidesdefreddy.com\/index.php\/produit\/document-de-preparation-infas-ide-sf\/\"]}]},{\"@type\":\"ImageObject\",\"inLanguage\":\"fr-FR\",\"@id\":\"https:\/\/lesaidesdefreddy.com\/index.php\/produit\/document-de-preparation-infas-ide-sf\/#primaryimage\",\"url\":\"https:\/\/lesaidesdefreddy.com\/wp-content\/uploads\/2024\/04\/INFAS-INFIRMIER-SAGE-FEMME.jpeg\",\"contentUrl\":\"https:\/\/lesaidesdefreddy.com\/wp-content\/uploads\/2024\/04\/INFAS-INFIRMIER-SAGE-FEMME.jpeg\",\"width\":507,\"height\":702},{\"@type\":\"BreadcrumbList\",\"@id\":\"https:\/\/lesaidesdefreddy.com\/index.php\/produit\/document-de-preparation-infas-ide-sf\/#breadcrumb\",\"itemListElement\":[{\"@type\":\"ListItem\",\"position\":1,\"name\":\"Accueil\",\"item\":\"https:\/\/lesaidesdefreddy.com\/\"},{\"@type\":\"ListItem\",\"position\":2,\"name\":\"Boutique\",\"item\":\"https:\/\/lesaidesdefreddy.com\/index.php\/boutique\/\"},{\"@type\":\"ListItem\",\"position\":3,\"name\":\"DOCUMENT DE PREPARATION INFAS (IDE, SF, &#8230;)\"}]},{\"@type\":\"WebSite\",\"@id\":\"https:\/\/lesaidesdefreddy.com\/#website\",\"url\":\"https:\/\/lesaidesdefreddy.com\/\",\"name\":\"LES AIDES DE FREDDY\",\"description\":\"Simplicit\u00e9 &amp; Facilit\u00e9 - Avec Freddy, tout devient simple et tr\u00e8s facile\",\"publisher\":{\"@id\":\"https:\/\/lesaidesdefreddy.com\/#organization\"},\"potentialAction\":[{\"@type\":\"SearchAction\",\"target\":{\"@type\":\"EntryPoint\",\"urlTemplate\":\"https:\/\/lesaidesdefreddy.com\/?s={search_term_string}\"},\"query-input\":{\"@type\":\"PropertyValueSpecification\",\"valueRequired\":true,\"valueName\":\"search_term_string\"}}],\"inLanguage\":\"fr-FR\"},{\"@type\":\"Organization\",\"@id\":\"https:\/\/lesaidesdefreddy.com\/#organization\",\"name\":\"LES AIDES DE FREDDY\",\"url\":\"https:\/\/lesaidesdefreddy.com\/\",\"logo\":{\"@type\":\"ImageObject\",\"inLanguage\":\"fr-FR\",\"@id\":\"https:\/\/lesaidesdefreddy.com\/#\/schema\/logo\/image\/\",\"url\":\"https:\/\/lesaidesdefreddy.com\/wp-content\/uploads\/2023\/10\/freddy-logo.jpg\",\"contentUrl\":\"https:\/\/lesaidesdefreddy.com\/wp-content\/uploads\/2023\/10\/freddy-logo.jpg\",\"width\":150,\"height\":150,\"caption\":\"LES AIDES DE FREDDY\"},\"image\":{\"@id\":\"https:\/\/lesaidesdefreddy.com\/#\/schema\/logo\/image\/\"},\"sameAs\":[\"https:\/\/www.facebook.com\/freddyshelp\/\",\"https:\/\/www.youtube.com\/@lesaidesdefreddy\"]}]}<\/script>\n<!-- \/ Yoast SEO plugin. -->","yoast_head_json":{"title":"DOCUMENT DE PREPARATION INFAS (IDE, SF, ...) - LES AIDES DE FREDDY","description":"DOCUMENT DE PREPARATION ENS EDUCATEUR\u00a0- BIOLOGIE - CULTURE GENERALE - FRANCAIS - LIVRAISON PARTOUT EN COTE D'IVOIRE","robots":{"index":"index","follow":"follow","max-snippet":"max-snippet:-1","max-image-preview":"max-image-preview:large","max-video-preview":"max-video-preview:-1"},"canonical":"https:\/\/lesaidesdefreddy.com\/index.php\/produit\/document-de-preparation-infas-ide-sf\/","og_locale":"fr_FR","og_type":"article","og_title":"DOCUMENT DE PREPARATION INFAS (IDE, SF, ...) - LES AIDES DE FREDDY","og_description":"DOCUMENT DE PREPARATION ENS EDUCATEUR\u00a0- BIOLOGIE - CULTURE GENERALE - FRANCAIS - LIVRAISON PARTOUT EN COTE D'IVOIRE","og_url":"https:\/\/lesaidesdefreddy.com\/index.php\/produit\/document-de-preparation-infas-ide-sf\/","og_site_name":"LES AIDES DE FREDDY","article_publisher":"https:\/\/www.facebook.com\/freddyshelp\/","article_modified_time":"2025-01-24T15:55:09+00:00","og_image":[{"width":507,"height":702,"url":"https:\/\/lesaidesdefreddy.com\/wp-content\/uploads\/2024\/04\/INFAS-INFIRMIER-SAGE-FEMME.jpeg","type":"image\/jpeg"}],"twitter_card":"summary_large_image","twitter_misc":{"Dur\u00e9e de lecture estim\u00e9e":"2 minutes"},"schema":{"@context":"https:\/\/schema.org","@graph":[{"@type":"WebPage","@id":"https:\/\/lesaidesdefreddy.com\/index.php\/produit\/document-de-preparation-infas-ide-sf\/","url":"https:\/\/lesaidesdefreddy.com\/index.php\/produit\/document-de-preparation-infas-ide-sf\/","name":"DOCUMENT DE PREPARATION INFAS (IDE, SF, ...) - LES AIDES DE FREDDY","isPartOf":{"@id":"https:\/\/lesaidesdefreddy.com\/#website"},"primaryImageOfPage":{"@id":"https:\/\/lesaidesdefreddy.com\/index.php\/produit\/document-de-preparation-infas-ide-sf\/#primaryimage"},"image":{"@id":"https:\/\/lesaidesdefreddy.com\/index.php\/produit\/document-de-preparation-infas-ide-sf\/#primaryimage"},"thumbnailUrl":"https:\/\/lesaidesdefreddy.com\/wp-content\/uploads\/2024\/04\/INFAS-INFIRMIER-SAGE-FEMME.jpeg","datePublished":"2024-04-02T15:47:35+00:00","dateModified":"2025-01-24T15:55:09+00:00","description":"DOCUMENT DE PREPARATION ENS EDUCATEUR\u00a0- BIOLOGIE - CULTURE GENERALE - FRANCAIS - LIVRAISON PARTOUT EN COTE D'IVOIRE","breadcrumb":{"@id":"https:\/\/lesaidesdefreddy.com\/index.php\/produit\/document-de-preparation-infas-ide-sf\/#breadcrumb"},"inLanguage":"fr-FR","potentialAction":[{"@type":"ReadAction","target":["https:\/\/lesaidesdefreddy.com\/index.php\/produit\/document-de-preparation-infas-ide-sf\/"]}]},{"@type":"ImageObject","inLanguage":"fr-FR","@id":"https:\/\/lesaidesdefreddy.com\/index.php\/produit\/document-de-preparation-infas-ide-sf\/#primaryimage","url":"https:\/\/lesaidesdefreddy.com\/wp-content\/uploads\/2024\/04\/INFAS-INFIRMIER-SAGE-FEMME.jpeg","contentUrl":"https:\/\/lesaidesdefreddy.com\/wp-content\/uploads\/2024\/04\/INFAS-INFIRMIER-SAGE-FEMME.jpeg","width":507,"height":702},{"@type":"BreadcrumbList","@id":"https:\/\/lesaidesdefreddy.com\/index.php\/produit\/document-de-preparation-infas-ide-sf\/#breadcrumb","itemListElement":[{"@type":"ListItem","position":1,"name":"Accueil","item":"https:\/\/lesaidesdefreddy.com\/"},{"@type":"ListItem","position":2,"name":"Boutique","item":"https:\/\/lesaidesdefreddy.com\/index.php\/boutique\/"},{"@type":"ListItem","position":3,"name":"DOCUMENT DE PREPARATION INFAS (IDE, SF, &#8230;)"}]},{"@type":"WebSite","@id":"https:\/\/lesaidesdefreddy.com\/#website","url":"https:\/\/lesaidesdefreddy.com\/","name":"LES AIDES DE FREDDY","description":"Simplicit\u00e9 &amp; Facilit\u00e9 - Avec Freddy, tout devient simple et tr\u00e8s facile","publisher":{"@id":"https:\/\/lesaidesdefreddy.com\/#organization"},"potentialAction":[{"@type":"SearchAction","target":{"@type":"EntryPoint","urlTemplate":"https:\/\/lesaidesdefreddy.com\/?s={search_term_string}"},"query-input":{"@type":"PropertyValueSpecification","valueRequired":true,"valueName":"search_term_string"}}],"inLanguage":"fr-FR"},{"@type":"Organization","@id":"https:\/\/lesaidesdefreddy.com\/#organization","name":"LES AIDES DE FREDDY","url":"https:\/\/lesaidesdefreddy.com\/","logo":{"@type":"ImageObject","inLanguage":"fr-FR","@id":"https:\/\/lesaidesdefreddy.com\/#\/schema\/logo\/image\/","url":"https:\/\/lesaidesdefreddy.com\/wp-content\/uploads\/2023\/10\/freddy-logo.jpg","contentUrl":"https:\/\/lesaidesdefreddy.com\/wp-content\/uploads\/2023\/10\/freddy-logo.jpg","width":150,"height":150,"caption":"LES AIDES DE FREDDY"},"image":{"@id":"https:\/\/lesaidesdefreddy.com\/#\/schema\/logo\/image\/"},"sameAs":["https:\/\/www.facebook.com\/freddyshelp\/","https:\/\/www.youtube.com\/@lesaidesdefreddy"]}]}},"_links":{"self":[{"href":"https:\/\/lesaidesdefreddy.com\/index.php\/wp-json\/wp\/v2\/product\/2749","targetHints":{"allow":["GET"]}}],"collection":[{"href":"https:\/\/lesaidesdefreddy.com\/index.php\/wp-json\/wp\/v2\/product"}],"about":[{"href":"https:\/\/lesaidesdefreddy.com\/index.php\/wp-json\/wp\/v2\/types\/product"}],"replies":[{"embeddable":true,"href":"https:\/\/lesaidesdefreddy.com\/index.php\/wp-json\/wp\/v2\/comments?post=2749"}],"wp:featuredmedia":[{"embeddable":true,"href":"https:\/\/lesaidesdefreddy.com\/index.php\/wp-json\/wp\/v2\/media\/2750"}],"wp:attachment":[{"href":"https:\/\/lesaidesdefreddy.com\/index.php\/wp-json\/wp\/v2\/media?parent=2749"}],"wp:term":[{"taxonomy":"product_brand","embeddable":true,"href":"https:\/\/lesaidesdefreddy.com\/index.php\/wp-json\/wp\/v2\/product_brand?post=2749"},{"taxonomy":"product_cat","embeddable":true,"href":"https:\/\/lesaidesdefreddy.com\/index.php\/wp-json\/wp\/v2\/product_cat?post=2749"},{"taxonomy":"product_tag","embeddable":true,"href":"https:\/\/lesaidesdefreddy.com\/index.php\/wp-json\/wp\/v2\/product_tag?post=2749"}],"curies":[{"name":"wp","href":"https:\/\/api.w.org\/{rel}","templated":true}]}}