{"id":2654,"date":"2024-03-13T15:28:18","date_gmt":"2024-03-13T14:28:18","guid":{"rendered":"https:\/\/lesaidesdefreddy.com\/?post_type=product&#038;p=2654"},"modified":"2025-08-23T00:05:21","modified_gmt":"2025-08-22T22:05:21","slug":"ablette-hp-elite-x2-1012-g2-clavier-detachable-ecran-tactile-windows-10-pro","status":"publish","type":"product","link":"https:\/\/lesaidesdefreddy.com\/index.php\/produit\/ablette-hp-elite-x2-1012-g2-clavier-detachable-ecran-tactile-windows-10-pro\/","title":{"rendered":"Tablette HP Elite x2 1012 G2"},"content":{"rendered":"<p>Tablette HP Elite x2 1012 G2<\/p>\n<div class=\"woocommerce-product-details__short-description\">\n<div class=\"x11i5rnm xat24cr x1mh8g0r x1vvkbs xtlvy1s x126k92a\">\n<div dir=\"auto\"><span class=\"x3nfvp2 x1j61x8r x1fcty0u xdj266r xhhsvwb xat24cr xgzva0m xxymvpz xlup9mm x1kky2od\"><img decoding=\"async\" class=\"xz74otr\" src=\"https:\/\/static.xx.fbcdn.net\/images\/emoji.php\/v9\/tba\/1.5\/16\/2705.png\" alt=\"\u2705\" width=\"16\" height=\"16\" \/> <\/span>Original<\/div>\n<div dir=\"auto\"><span class=\"x3nfvp2 x1j61x8r x1fcty0u xdj266r xhhsvwb xat24cr xgzva0m xxymvpz xlup9mm x1kky2od\"><img decoding=\"async\" class=\"xz74otr\" src=\"https:\/\/static.xx.fbcdn.net\/images\/emoji.php\/v9\/tba\/1.5\/16\/2705.png\" alt=\"\u2705\" width=\"16\" height=\"16\" \/> Tablette avec Clavier d\u00e9tachable<br \/>\n<img decoding=\"async\" class=\"xz74otr\" src=\"https:\/\/static.xx.fbcdn.net\/images\/emoji.php\/v9\/tba\/1.5\/16\/2705.png\" alt=\"\u2705\" width=\"16\" height=\"16\" \/> Core i5 7200U \/ 2.5 GHz<\/span><\/div>\n<\/div>\n<\/div>\n<p><span class=\"x3nfvp2 x1j61x8r x1fcty0u xdj266r xhhsvwb xat24cr xgzva0m xxymvpz xlup9mm x1kky2od\"><img decoding=\"async\" class=\"xz74otr\" src=\"https:\/\/static.xx.fbcdn.net\/images\/emoji.php\/v9\/tba\/1.5\/16\/2705.png\" alt=\"\u2705\" width=\"16\" height=\"16\" \/> Windows 10 Pro 64 bits &#8211; 8 Go RAM &#8211; 256 Go SSD HP Z Turbo Drive G2<\/span><br \/>\n<span class=\"x3nfvp2 x1j61x8r x1fcty0u xdj266r xhhsvwb xat24cr xgzva0m xxymvpz xlup9mm x1kky2od\"><img decoding=\"async\" class=\"xz74otr\" src=\"https:\/\/static.xx.fbcdn.net\/images\/emoji.php\/v9\/tba\/1.5\/16\/2705.png\" alt=\"\u2705\" width=\"16\" height=\"16\" \/> <\/span>12.3&Prime; IPS \u00e9cran tactile 2736 x 1824 (WQXGA+)<br \/>\n<span class=\"x3nfvp2 x1j61x8r x1fcty0u xdj266r xhhsvwb xat24cr xgzva0m xxymvpz xlup9mm x1kky2od\"><img decoding=\"async\" class=\"xz74otr\" src=\"https:\/\/static.xx.fbcdn.net\/images\/emoji.php\/v9\/tba\/1.5\/16\/2705.png\" alt=\"\u2705\" width=\"16\" height=\"16\" \/> Wifi, Bluetooth\u00a0<\/span><br \/>\n<span class=\"x3nfvp2 x1j61x8r x1fcty0u xdj266r xhhsvwb xat24cr xgzva0m xxymvpz xlup9mm x1kky2od\"><img decoding=\"async\" class=\"xz74otr\" src=\"https:\/\/static.xx.fbcdn.net\/images\/emoji.php\/v9\/tba\/1.5\/16\/2705.png\" alt=\"\u2705\" width=\"16\" height=\"16\" \/> <\/span>Livraison et exp\u00e9dition Gratuite partout en C\u00f4te d&rsquo;Ivoire<\/p>\n","protected":false},"excerpt":{"rendered":"<p>Tablette HP Elite x2 1012 G2<\/p>\n<div class=\"woocommerce-product-details__short-description\">\n<div class=\"x11i5rnm xat24cr x1mh8g0r x1vvkbs xtlvy1s x126k92a\">\n<div dir=\"auto\"><span class=\"x3nfvp2 x1j61x8r x1fcty0u xdj266r xhhsvwb xat24cr xgzva0m xxymvpz xlup9mm x1kky2od\"><img decoding=\"async\" class=\"xz74otr\" src=\"https:\/\/static.xx.fbcdn.net\/images\/emoji.php\/v9\/tba\/1.5\/16\/2705.png\" alt=\"\u2705\" width=\"16\" height=\"16\" \/> <\/span>Original<\/div>\n<div dir=\"auto\"><span class=\"x3nfvp2 x1j61x8r x1fcty0u xdj266r xhhsvwb xat24cr xgzva0m xxymvpz xlup9mm x1kky2od\"><img decoding=\"async\" class=\"xz74otr\" src=\"https:\/\/static.xx.fbcdn.net\/images\/emoji.php\/v9\/tba\/1.5\/16\/2705.png\" alt=\"\u2705\" width=\"16\" height=\"16\" \/> Tablette avec Clavier d\u00e9tachable<br \/>\n<\/span><\/div>\n<\/div>\n<\/div>\n<p><span class=\"x3nfvp2 x1j61x8r x1fcty0u xdj266r xhhsvwb xat24cr xgzva0m xxymvpz xlup9mm x1kky2od\"><img decoding=\"async\" class=\"xz74otr\" src=\"https:\/\/static.xx.fbcdn.net\/images\/emoji.php\/v9\/tba\/1.5\/16\/2705.png\" alt=\"\u2705\" width=\"16\" height=\"16\" \/> Windows 10 Pro 64 bits &#8211; 8 Go RAM &#8211; 256 Go SSD\u00a0<\/span><br \/>\n<span class=\"x3nfvp2 x1j61x8r x1fcty0u xdj266r xhhsvwb xat24cr xgzva0m xxymvpz xlup9mm x1kky2od\"><img decoding=\"async\" class=\"xz74otr\" src=\"https:\/\/static.xx.fbcdn.net\/images\/emoji.php\/v9\/tba\/1.5\/16\/2705.png\" alt=\"\u2705\" width=\"16\" height=\"16\" \/> HP Graphics 620<\/span><br \/>\n<span class=\"x3nfvp2 x1j61x8r x1fcty0u xdj266r xhhsvwb xat24cr xgzva0m xxymvpz xlup9mm x1kky2od\"><img decoding=\"async\" class=\"xz74otr\" src=\"https:\/\/static.xx.fbcdn.net\/images\/emoji.php\/v9\/tba\/1.5\/16\/2705.png\" alt=\"\u2705\" width=\"16\" height=\"16\" \/> Wifi, Bluetooth\u00a0<\/span><br \/>\n<span class=\"x3nfvp2 x1j61x8r x1fcty0u xdj266r xhhsvwb xat24cr xgzva0m xxymvpz xlup9mm x1kky2od\"><img decoding=\"async\" class=\"xz74otr\" src=\"https:\/\/static.xx.fbcdn.net\/images\/emoji.php\/v9\/tba\/1.5\/16\/2705.png\" alt=\"\u2705\" width=\"16\" height=\"16\" \/> <\/span>Livraison et exp\u00e9dition Gratuite partout en C\u00f4te d&rsquo;Ivoire<\/p>\n<p>&nbsp;<\/p>\n","protected":false},"featured_media":2655,"comment_status":"open","ping_status":"closed","template":"","meta":[],"product_brand":[],"product_cat":[40,39],"product_tag":[],"class_list":{"0":"post-2654","1":"product","2":"type-product","3":"status-publish","4":"has-post-thumbnail","6":"product_cat-electromenager","7":"product_cat-rai-boutique","9":"entry","10":"has-media","12":"first","13":"instock","14":"sale","15":"shipping-taxable","16":"purchasable","17":"product-type-simple","18":"has-product-nav","19":"col","20":"span_1_of_3","21":"owp-content-center","22":"owp-thumbs-layout-horizontal","23":"owp-btn-normal","24":"owp-tabs-layout-horizontal"},"yoast_head":"<!-- This site is optimized with the Yoast SEO plugin v27.4 - https:\/\/yoast.com\/product\/yoast-seo-wordpress\/ -->\n<title>Tablette HP Elite x2 1012 G2 - LES AIDES DE FREDDY<\/title>\n<meta name=\"description\" content=\"Tablette HP Elite x2 1012 G2 - Clavier d\u00e9tachable - \u00e9cran tactile - Windows 10 Pro 64 bits - 8 Go RAM - 256 Go SSD HP Z Turbo Drive G2\" \/>\n<meta name=\"robots\" content=\"index, follow, max-snippet:-1, max-image-preview:large, max-video-preview:-1\" \/>\n<link rel=\"canonical\" href=\"https:\/\/lesaidesdefreddy.com\/index.php\/produit\/ablette-hp-elite-x2-1012-g2-clavier-detachable-ecran-tactile-windows-10-pro\/\" \/>\n<meta property=\"og:locale\" content=\"fr_FR\" \/>\n<meta property=\"og:type\" content=\"article\" \/>\n<meta property=\"og:title\" content=\"Tablette HP Elite x2 1012 G2 - LES AIDES DE FREDDY\" \/>\n<meta property=\"og:description\" content=\"Tablette HP Elite x2 1012 G2 - Clavier d\u00e9tachable - \u00e9cran tactile - Windows 10 Pro 64 bits - 8 Go RAM - 256 Go SSD HP Z Turbo Drive G2\" \/>\n<meta property=\"og:url\" content=\"https:\/\/lesaidesdefreddy.com\/index.php\/produit\/ablette-hp-elite-x2-1012-g2-clavier-detachable-ecran-tactile-windows-10-pro\/\" \/>\n<meta property=\"og:site_name\" content=\"LES AIDES DE FREDDY\" \/>\n<meta property=\"article:publisher\" content=\"https:\/\/www.facebook.com\/freddyshelp\/\" \/>\n<meta property=\"article:modified_time\" content=\"2025-08-22T22:05:21+00:00\" \/>\n<meta property=\"og:image\" content=\"https:\/\/lesaidesdefreddy.com\/wp-content\/uploads\/2024\/03\/PC06.jpeg\" \/>\n\t<meta property=\"og:image:width\" content=\"1000\" \/>\n\t<meta property=\"og:image:height\" content=\"743\" \/>\n\t<meta property=\"og:image:type\" content=\"image\/jpeg\" \/>\n<meta name=\"twitter:card\" content=\"summary_large_image\" \/>\n<meta name=\"twitter:label1\" content=\"Dur\u00e9e de lecture estim\u00e9e\" \/>\n\t<meta name=\"twitter:data1\" content=\"2 minutes\" \/>\n<script type=\"application\/ld+json\" class=\"yoast-schema-graph\">{\"@context\":\"https:\\\/\\\/schema.org\",\"@graph\":[{\"@type\":\"WebPage\",\"@id\":\"https:\\\/\\\/lesaidesdefreddy.com\\\/index.php\\\/produit\\\/ablette-hp-elite-x2-1012-g2-clavier-detachable-ecran-tactile-windows-10-pro\\\/\",\"url\":\"https:\\\/\\\/lesaidesdefreddy.com\\\/index.php\\\/produit\\\/ablette-hp-elite-x2-1012-g2-clavier-detachable-ecran-tactile-windows-10-pro\\\/\",\"name\":\"Tablette HP Elite x2 1012 G2 - LES AIDES DE FREDDY\",\"isPartOf\":{\"@id\":\"https:\\\/\\\/lesaidesdefreddy.com\\\/#website\"},\"primaryImageOfPage\":{\"@id\":\"https:\\\/\\\/lesaidesdefreddy.com\\\/index.php\\\/produit\\\/ablette-hp-elite-x2-1012-g2-clavier-detachable-ecran-tactile-windows-10-pro\\\/#primaryimage\"},\"image\":{\"@id\":\"https:\\\/\\\/lesaidesdefreddy.com\\\/index.php\\\/produit\\\/ablette-hp-elite-x2-1012-g2-clavier-detachable-ecran-tactile-windows-10-pro\\\/#primaryimage\"},\"thumbnailUrl\":\"https:\\\/\\\/lesaidesdefreddy.com\\\/wp-content\\\/uploads\\\/2024\\\/03\\\/PC06.jpeg\",\"datePublished\":\"2024-03-13T14:28:18+00:00\",\"dateModified\":\"2025-08-22T22:05:21+00:00\",\"description\":\"Tablette HP Elite x2 1012 G2 - Clavier d\u00e9tachable - \u00e9cran tactile - Windows 10 Pro 64 bits - 8 Go RAM - 256 Go SSD HP Z Turbo Drive G2\",\"breadcrumb\":{\"@id\":\"https:\\\/\\\/lesaidesdefreddy.com\\\/index.php\\\/produit\\\/ablette-hp-elite-x2-1012-g2-clavier-detachable-ecran-tactile-windows-10-pro\\\/#breadcrumb\"},\"inLanguage\":\"fr-FR\",\"potentialAction\":[{\"@type\":\"ReadAction\",\"target\":[\"https:\\\/\\\/lesaidesdefreddy.com\\\/index.php\\\/produit\\\/ablette-hp-elite-x2-1012-g2-clavier-detachable-ecran-tactile-windows-10-pro\\\/\"]}]},{\"@type\":\"ImageObject\",\"inLanguage\":\"fr-FR\",\"@id\":\"https:\\\/\\\/lesaidesdefreddy.com\\\/index.php\\\/produit\\\/ablette-hp-elite-x2-1012-g2-clavier-detachable-ecran-tactile-windows-10-pro\\\/#primaryimage\",\"url\":\"https:\\\/\\\/lesaidesdefreddy.com\\\/wp-content\\\/uploads\\\/2024\\\/03\\\/PC06.jpeg\",\"contentUrl\":\"https:\\\/\\\/lesaidesdefreddy.com\\\/wp-content\\\/uploads\\\/2024\\\/03\\\/PC06.jpeg\",\"width\":1000,\"height\":743},{\"@type\":\"BreadcrumbList\",\"@id\":\"https:\\\/\\\/lesaidesdefreddy.com\\\/index.php\\\/produit\\\/ablette-hp-elite-x2-1012-g2-clavier-detachable-ecran-tactile-windows-10-pro\\\/#breadcrumb\",\"itemListElement\":[{\"@type\":\"ListItem\",\"position\":1,\"name\":\"Accueil\",\"item\":\"https:\\\/\\\/lesaidesdefreddy.com\\\/\"},{\"@type\":\"ListItem\",\"position\":2,\"name\":\"Boutique\",\"item\":\"https:\\\/\\\/lesaidesdefreddy.com\\\/index.php\\\/boutique\\\/\"},{\"@type\":\"ListItem\",\"position\":3,\"name\":\"Tablette HP Elite x2 1012 G2\"}]},{\"@type\":\"WebSite\",\"@id\":\"https:\\\/\\\/lesaidesdefreddy.com\\\/#website\",\"url\":\"https:\\\/\\\/lesaidesdefreddy.com\\\/\",\"name\":\"LES AIDES DE FREDDY\",\"description\":\"Simplicit\u00e9 &amp; Facilit\u00e9 - Avec Freddy, tout devient simple et tr\u00e8s facile\",\"publisher\":{\"@id\":\"https:\\\/\\\/lesaidesdefreddy.com\\\/#organization\"},\"potentialAction\":[{\"@type\":\"SearchAction\",\"target\":{\"@type\":\"EntryPoint\",\"urlTemplate\":\"https:\\\/\\\/lesaidesdefreddy.com\\\/?s={search_term_string}\"},\"query-input\":{\"@type\":\"PropertyValueSpecification\",\"valueRequired\":true,\"valueName\":\"search_term_string\"}}],\"inLanguage\":\"fr-FR\"},{\"@type\":\"Organization\",\"@id\":\"https:\\\/\\\/lesaidesdefreddy.com\\\/#organization\",\"name\":\"LES AIDES DE FREDDY\",\"url\":\"https:\\\/\\\/lesaidesdefreddy.com\\\/\",\"logo\":{\"@type\":\"ImageObject\",\"inLanguage\":\"fr-FR\",\"@id\":\"https:\\\/\\\/lesaidesdefreddy.com\\\/#\\\/schema\\\/logo\\\/image\\\/\",\"url\":\"https:\\\/\\\/lesaidesdefreddy.com\\\/wp-content\\\/uploads\\\/2023\\\/10\\\/freddy-logo.jpg\",\"contentUrl\":\"https:\\\/\\\/lesaidesdefreddy.com\\\/wp-content\\\/uploads\\\/2023\\\/10\\\/freddy-logo.jpg\",\"width\":150,\"height\":150,\"caption\":\"LES AIDES DE FREDDY\"},\"image\":{\"@id\":\"https:\\\/\\\/lesaidesdefreddy.com\\\/#\\\/schema\\\/logo\\\/image\\\/\"},\"sameAs\":[\"https:\\\/\\\/www.facebook.com\\\/freddyshelp\\\/\",\"https:\\\/\\\/www.youtube.com\\\/@lesaidesdefreddy\"]}]}<\/script>\n<!-- \/ Yoast SEO plugin. -->","yoast_head_json":{"title":"Tablette HP Elite x2 1012 G2 - LES AIDES DE FREDDY","description":"Tablette HP Elite x2 1012 G2 - Clavier d\u00e9tachable - \u00e9cran tactile - Windows 10 Pro 64 bits - 8 Go RAM - 256 Go SSD HP Z Turbo Drive G2","robots":{"index":"index","follow":"follow","max-snippet":"max-snippet:-1","max-image-preview":"max-image-preview:large","max-video-preview":"max-video-preview:-1"},"canonical":"https:\/\/lesaidesdefreddy.com\/index.php\/produit\/ablette-hp-elite-x2-1012-g2-clavier-detachable-ecran-tactile-windows-10-pro\/","og_locale":"fr_FR","og_type":"article","og_title":"Tablette HP Elite x2 1012 G2 - LES AIDES DE FREDDY","og_description":"Tablette HP Elite x2 1012 G2 - Clavier d\u00e9tachable - \u00e9cran tactile - Windows 10 Pro 64 bits - 8 Go RAM - 256 Go SSD HP Z Turbo Drive G2","og_url":"https:\/\/lesaidesdefreddy.com\/index.php\/produit\/ablette-hp-elite-x2-1012-g2-clavier-detachable-ecran-tactile-windows-10-pro\/","og_site_name":"LES AIDES DE FREDDY","article_publisher":"https:\/\/www.facebook.com\/freddyshelp\/","article_modified_time":"2025-08-22T22:05:21+00:00","og_image":[{"width":1000,"height":743,"url":"https:\/\/lesaidesdefreddy.com\/wp-content\/uploads\/2024\/03\/PC06.jpeg","type":"image\/jpeg"}],"twitter_card":"summary_large_image","twitter_misc":{"Dur\u00e9e de lecture estim\u00e9e":"2 minutes"},"schema":{"@context":"https:\/\/schema.org","@graph":[{"@type":"WebPage","@id":"https:\/\/lesaidesdefreddy.com\/index.php\/produit\/ablette-hp-elite-x2-1012-g2-clavier-detachable-ecran-tactile-windows-10-pro\/","url":"https:\/\/lesaidesdefreddy.com\/index.php\/produit\/ablette-hp-elite-x2-1012-g2-clavier-detachable-ecran-tactile-windows-10-pro\/","name":"Tablette HP Elite x2 1012 G2 - LES AIDES DE FREDDY","isPartOf":{"@id":"https:\/\/lesaidesdefreddy.com\/#website"},"primaryImageOfPage":{"@id":"https:\/\/lesaidesdefreddy.com\/index.php\/produit\/ablette-hp-elite-x2-1012-g2-clavier-detachable-ecran-tactile-windows-10-pro\/#primaryimage"},"image":{"@id":"https:\/\/lesaidesdefreddy.com\/index.php\/produit\/ablette-hp-elite-x2-1012-g2-clavier-detachable-ecran-tactile-windows-10-pro\/#primaryimage"},"thumbnailUrl":"https:\/\/lesaidesdefreddy.com\/wp-content\/uploads\/2024\/03\/PC06.jpeg","datePublished":"2024-03-13T14:28:18+00:00","dateModified":"2025-08-22T22:05:21+00:00","description":"Tablette HP Elite x2 1012 G2 - Clavier d\u00e9tachable - \u00e9cran tactile - Windows 10 Pro 64 bits - 8 Go RAM - 256 Go SSD HP Z Turbo Drive G2","breadcrumb":{"@id":"https:\/\/lesaidesdefreddy.com\/index.php\/produit\/ablette-hp-elite-x2-1012-g2-clavier-detachable-ecran-tactile-windows-10-pro\/#breadcrumb"},"inLanguage":"fr-FR","potentialAction":[{"@type":"ReadAction","target":["https:\/\/lesaidesdefreddy.com\/index.php\/produit\/ablette-hp-elite-x2-1012-g2-clavier-detachable-ecran-tactile-windows-10-pro\/"]}]},{"@type":"ImageObject","inLanguage":"fr-FR","@id":"https:\/\/lesaidesdefreddy.com\/index.php\/produit\/ablette-hp-elite-x2-1012-g2-clavier-detachable-ecran-tactile-windows-10-pro\/#primaryimage","url":"https:\/\/lesaidesdefreddy.com\/wp-content\/uploads\/2024\/03\/PC06.jpeg","contentUrl":"https:\/\/lesaidesdefreddy.com\/wp-content\/uploads\/2024\/03\/PC06.jpeg","width":1000,"height":743},{"@type":"BreadcrumbList","@id":"https:\/\/lesaidesdefreddy.com\/index.php\/produit\/ablette-hp-elite-x2-1012-g2-clavier-detachable-ecran-tactile-windows-10-pro\/#breadcrumb","itemListElement":[{"@type":"ListItem","position":1,"name":"Accueil","item":"https:\/\/lesaidesdefreddy.com\/"},{"@type":"ListItem","position":2,"name":"Boutique","item":"https:\/\/lesaidesdefreddy.com\/index.php\/boutique\/"},{"@type":"ListItem","position":3,"name":"Tablette HP Elite x2 1012 G2"}]},{"@type":"WebSite","@id":"https:\/\/lesaidesdefreddy.com\/#website","url":"https:\/\/lesaidesdefreddy.com\/","name":"LES AIDES DE FREDDY","description":"Simplicit\u00e9 &amp; Facilit\u00e9 - Avec Freddy, tout devient simple et tr\u00e8s facile","publisher":{"@id":"https:\/\/lesaidesdefreddy.com\/#organization"},"potentialAction":[{"@type":"SearchAction","target":{"@type":"EntryPoint","urlTemplate":"https:\/\/lesaidesdefreddy.com\/?s={search_term_string}"},"query-input":{"@type":"PropertyValueSpecification","valueRequired":true,"valueName":"search_term_string"}}],"inLanguage":"fr-FR"},{"@type":"Organization","@id":"https:\/\/lesaidesdefreddy.com\/#organization","name":"LES AIDES DE FREDDY","url":"https:\/\/lesaidesdefreddy.com\/","logo":{"@type":"ImageObject","inLanguage":"fr-FR","@id":"https:\/\/lesaidesdefreddy.com\/#\/schema\/logo\/image\/","url":"https:\/\/lesaidesdefreddy.com\/wp-content\/uploads\/2023\/10\/freddy-logo.jpg","contentUrl":"https:\/\/lesaidesdefreddy.com\/wp-content\/uploads\/2023\/10\/freddy-logo.jpg","width":150,"height":150,"caption":"LES AIDES DE FREDDY"},"image":{"@id":"https:\/\/lesaidesdefreddy.com\/#\/schema\/logo\/image\/"},"sameAs":["https:\/\/www.facebook.com\/freddyshelp\/","https:\/\/www.youtube.com\/@lesaidesdefreddy"]}]}},"_links":{"self":[{"href":"https:\/\/lesaidesdefreddy.com\/index.php\/wp-json\/wp\/v2\/product\/2654","targetHints":{"allow":["GET"]}}],"collection":[{"href":"https:\/\/lesaidesdefreddy.com\/index.php\/wp-json\/wp\/v2\/product"}],"about":[{"href":"https:\/\/lesaidesdefreddy.com\/index.php\/wp-json\/wp\/v2\/types\/product"}],"replies":[{"embeddable":true,"href":"https:\/\/lesaidesdefreddy.com\/index.php\/wp-json\/wp\/v2\/comments?post=2654"}],"wp:featuredmedia":[{"embeddable":true,"href":"https:\/\/lesaidesdefreddy.com\/index.php\/wp-json\/wp\/v2\/media\/2655"}],"wp:attachment":[{"href":"https:\/\/lesaidesdefreddy.com\/index.php\/wp-json\/wp\/v2\/media?parent=2654"}],"wp:term":[{"taxonomy":"product_brand","embeddable":true,"href":"https:\/\/lesaidesdefreddy.com\/index.php\/wp-json\/wp\/v2\/product_brand?post=2654"},{"taxonomy":"product_cat","embeddable":true,"href":"https:\/\/lesaidesdefreddy.com\/index.php\/wp-json\/wp\/v2\/product_cat?post=2654"},{"taxonomy":"product_tag","embeddable":true,"href":"https:\/\/lesaidesdefreddy.com\/index.php\/wp-json\/wp\/v2\/product_tag?post=2654"}],"curies":[{"name":"wp","href":"https:\/\/api.w.org\/{rel}","templated":true}]}}