{"id":2384,"date":"2023-12-07T18:42:12","date_gmt":"2023-12-07T17:42:12","guid":{"rendered":"https:\/\/lesaidesdefreddy.com\/?post_type=product&#038;p=2384"},"modified":"2023-12-07T18:45:05","modified_gmt":"2023-12-07T17:45:05","slug":"ensemble-tunique-bleu-manche-longue","status":"publish","type":"product","link":"https:\/\/lesaidesdefreddy.com\/index.php\/produit\/ensemble-tunique-bleu-manche-longue\/","title":{"rendered":"Ensemble Tunique Bleu &#8211; Manche Longue"},"content":{"rendered":"<p>Ensemble Tunique Bleu &#8211; Manche Longue 100% en coton glac\u00e9<\/p>\n<div class=\"woocommerce-product-details__short-description\">\n<div class=\"x11i5rnm xat24cr x1mh8g0r x1vvkbs xtlvy1s x126k92a\">\n<div dir=\"auto\"><span class=\"x3nfvp2 x1j61x8r x1fcty0u xdj266r xhhsvwb xat24cr xgzva0m xxymvpz xlup9mm x1kky2od\"><img decoding=\"async\" class=\"xz74otr\" src=\"https:\/\/static.xx.fbcdn.net\/images\/emoji.php\/v9\/tba\/1.5\/16\/2705.png\" alt=\"\u2705\" width=\"16\" height=\"16\" \/> <\/span>Original<\/div>\n<div dir=\"auto\"><span class=\"x3nfvp2 x1j61x8r x1fcty0u xdj266r xhhsvwb xat24cr xgzva0m xxymvpz xlup9mm x1kky2od\"><img decoding=\"async\" class=\"xz74otr\" src=\"https:\/\/static.xx.fbcdn.net\/images\/emoji.php\/v9\/tba\/1.5\/16\/2705.png\" alt=\"\u2705\" width=\"16\" height=\"16\" \/> 100% en coton glace<br \/>\n<img decoding=\"async\" class=\"xz74otr\" src=\"https:\/\/static.xx.fbcdn.net\/images\/emoji.php\/v9\/tba\/1.5\/16\/2705.png\" alt=\"\u2705\" width=\"16\" height=\"16\" \/> Tissu : qualit\u00e9 sup\u00e9rieur\u00a0<\/span><\/div>\n<\/div>\n<\/div>\n<p><span class=\"x3nfvp2 x1j61x8r x1fcty0u xdj266r xhhsvwb xat24cr xgzva0m xxymvpz xlup9mm x1kky2od\"><img decoding=\"async\" class=\"xz74otr\" src=\"https:\/\/static.xx.fbcdn.net\/images\/emoji.php\/v9\/tba\/1.5\/16\/2705.png\" alt=\"\u2705\" width=\"16\" height=\"16\" \/> Couture : bonne finition<\/span><br \/>\n<span class=\"x3nfvp2 x1j61x8r x1fcty0u xdj266r xhhsvwb xat24cr xgzva0m xxymvpz xlup9mm x1kky2od\"><img decoding=\"async\" class=\"xz74otr\" src=\"https:\/\/static.xx.fbcdn.net\/images\/emoji.php\/v9\/tba\/1.5\/16\/2705.png\" alt=\"\u2705\" width=\"16\" height=\"16\" \/> <\/span>Marque : Tunique Homme\/femme<br \/>\n<span class=\"x3nfvp2 x1j61x8r x1fcty0u xdj266r xhhsvwb xat24cr xgzva0m xxymvpz xlup9mm x1kky2od\"><img decoding=\"async\" class=\"xz74otr\" src=\"https:\/\/static.xx.fbcdn.net\/images\/emoji.php\/v9\/tba\/1.5\/16\/2705.png\" alt=\"\u2705\" width=\"16\" height=\"16\" \/> Possibilit\u00e9 de modifier \u00e0 votre go\u00fbt\u00a0<\/span><br \/>\n<span class=\"x3nfvp2 x1j61x8r x1fcty0u xdj266r xhhsvwb xat24cr xgzva0m xxymvpz xlup9mm x1kky2od\"><img decoding=\"async\" class=\"xz74otr\" src=\"https:\/\/static.xx.fbcdn.net\/images\/emoji.php\/v9\/tba\/1.5\/16\/2705.png\" alt=\"\u2705\" width=\"16\" height=\"16\" \/> <\/span>Livraison Gratuite partout en C\u00f4te d&rsquo;Ivoire<\/p>\n","protected":false},"excerpt":{"rendered":"<p>Ensemble Tunique Bleu &#8211; Manche Longue 100% en coton glac\u00e9<\/p>\n<div class=\"woocommerce-product-details__short-description\">\n<div class=\"x11i5rnm xat24cr x1mh8g0r x1vvkbs xtlvy1s x126k92a\">\n<div dir=\"auto\">\n<div class=\"woocommerce-product-details__short-description\">\n<div class=\"x11i5rnm xat24cr x1mh8g0r x1vvkbs xtlvy1s x126k92a\">\n<div dir=\"auto\"><span class=\"x3nfvp2 x1j61x8r x1fcty0u xdj266r xhhsvwb xat24cr xgzva0m xxymvpz xlup9mm x1kky2od\"><img decoding=\"async\" class=\"xz74otr\" src=\"https:\/\/static.xx.fbcdn.net\/images\/emoji.php\/v9\/tba\/1.5\/16\/2705.png\" alt=\"\u2705\" width=\"16\" height=\"16\" \/> 100% en coton glace<\/span><\/div>\n<div dir=\"auto\"><span class=\"x3nfvp2 x1j61x8r x1fcty0u xdj266r xhhsvwb xat24cr xgzva0m xxymvpz xlup9mm x1kky2od\"><img decoding=\"async\" class=\"xz74otr\" src=\"https:\/\/static.xx.fbcdn.net\/images\/emoji.php\/v9\/tba\/1.5\/16\/2705.png\" alt=\"\u2705\" width=\"16\" height=\"16\" \/> Tissu : qualit\u00e9 sup\u00e9rieur\u00a0<\/span><\/div>\n<\/div>\n<\/div>\n<p><span class=\"x3nfvp2 x1j61x8r x1fcty0u xdj266r xhhsvwb xat24cr xgzva0m xxymvpz xlup9mm x1kky2od\"><img decoding=\"async\" class=\"xz74otr\" src=\"https:\/\/static.xx.fbcdn.net\/images\/emoji.php\/v9\/tba\/1.5\/16\/2705.png\" alt=\"\u2705\" width=\"16\" height=\"16\" \/> Satisfaction garantie<\/span><br \/>\n<span class=\"x3nfvp2 x1j61x8r x1fcty0u xdj266r xhhsvwb xat24cr xgzva0m xxymvpz xlup9mm x1kky2od\"><img decoding=\"async\" class=\"xz74otr\" src=\"https:\/\/static.xx.fbcdn.net\/images\/emoji.php\/v9\/tba\/1.5\/16\/2705.png\" alt=\"\u2705\" width=\"16\" height=\"16\" \/> Possibilit\u00e9 de modifier \u00e0 votre go\u00fbt\u00a0<\/span><br \/>\n<span class=\"x3nfvp2 x1j61x8r x1fcty0u xdj266r xhhsvwb xat24cr xgzva0m xxymvpz xlup9mm x1kky2od\"><img decoding=\"async\" class=\"xz74otr\" src=\"https:\/\/static.xx.fbcdn.net\/images\/emoji.php\/v9\/tba\/1.5\/16\/2705.png\" alt=\"\u2705\" width=\"16\" height=\"16\" \/> <\/span>Livraison Gratuite partout en C\u00f4te d&rsquo;Ivoire<\/p>\n<\/div>\n<\/div>\n<\/div>\n<p>&nbsp;<\/p>\n","protected":false},"featured_media":2385,"comment_status":"open","ping_status":"closed","template":"","meta":[],"product_brand":[],"product_cat":[37,36,35],"product_tag":[],"class_list":{"0":"post-2384","1":"product","2":"type-product","3":"status-publish","4":"has-post-thumbnail","6":"product_cat-complet","7":"product_cat-tunique","8":"product_cat-vetement","10":"entry","11":"has-media","13":"first","14":"instock","15":"sale","16":"shipping-taxable","17":"purchasable","18":"product-type-simple","19":"has-product-nav","20":"col","21":"span_1_of_3","22":"owp-content-center","23":"owp-thumbs-layout-horizontal","24":"owp-btn-normal","25":"owp-tabs-layout-horizontal"},"yoast_head":"<!-- This site is optimized with the Yoast SEO plugin v27.4 - https:\/\/yoast.com\/product\/yoast-seo-wordpress\/ -->\n<title>Ensemble Tunique Bleu - Manche Longue - LES AIDES DE FREDDY<\/title>\n<meta name=\"description\" content=\"Ensemble Tunique Bleu - Manche Longue 100% en coton glac\u00e9 - Marque : Tunique. Complet haut + pantalon - Tissu qualit\u00e9 sup\u00e9rieur premier choix\" \/>\n<meta name=\"robots\" content=\"index, follow, max-snippet:-1, max-image-preview:large, max-video-preview:-1\" \/>\n<link rel=\"canonical\" href=\"https:\/\/lesaidesdefreddy.com\/index.php\/produit\/ensemble-tunique-bleu-manche-longue\/\" \/>\n<meta property=\"og:locale\" content=\"fr_FR\" \/>\n<meta property=\"og:type\" content=\"article\" \/>\n<meta property=\"og:title\" content=\"Ensemble Tunique Bleu - Manche Longue - LES AIDES DE FREDDY\" \/>\n<meta property=\"og:description\" content=\"Ensemble Tunique Bleu - Manche Longue 100% en coton glac\u00e9 - Marque : Tunique. Complet haut + pantalon - Tissu qualit\u00e9 sup\u00e9rieur premier choix\" \/>\n<meta property=\"og:url\" content=\"https:\/\/lesaidesdefreddy.com\/index.php\/produit\/ensemble-tunique-bleu-manche-longue\/\" \/>\n<meta property=\"og:site_name\" content=\"LES AIDES DE FREDDY\" \/>\n<meta property=\"article:publisher\" content=\"https:\/\/www.facebook.com\/freddyshelp\/\" \/>\n<meta property=\"article:modified_time\" content=\"2023-12-07T17:45:05+00:00\" \/>\n<meta property=\"og:image\" content=\"https:\/\/lesaidesdefreddy.com\/wp-content\/uploads\/2023\/12\/Ensemble-tunique-06.jpeg\" \/>\n\t<meta property=\"og:image:width\" content=\"592\" \/>\n\t<meta property=\"og:image:height\" content=\"829\" \/>\n\t<meta property=\"og:image:type\" content=\"image\/jpeg\" \/>\n<meta name=\"twitter:card\" content=\"summary_large_image\" \/>\n<meta name=\"twitter:label1\" content=\"Dur\u00e9e de lecture estim\u00e9e\" \/>\n\t<meta name=\"twitter:data1\" content=\"2 minutes\" \/>\n<script type=\"application\/ld+json\" class=\"yoast-schema-graph\">{\"@context\":\"https:\\\/\\\/schema.org\",\"@graph\":[{\"@type\":\"WebPage\",\"@id\":\"https:\\\/\\\/lesaidesdefreddy.com\\\/index.php\\\/produit\\\/ensemble-tunique-bleu-manche-longue\\\/\",\"url\":\"https:\\\/\\\/lesaidesdefreddy.com\\\/index.php\\\/produit\\\/ensemble-tunique-bleu-manche-longue\\\/\",\"name\":\"Ensemble Tunique Bleu - Manche Longue - LES AIDES DE FREDDY\",\"isPartOf\":{\"@id\":\"https:\\\/\\\/lesaidesdefreddy.com\\\/#website\"},\"primaryImageOfPage\":{\"@id\":\"https:\\\/\\\/lesaidesdefreddy.com\\\/index.php\\\/produit\\\/ensemble-tunique-bleu-manche-longue\\\/#primaryimage\"},\"image\":{\"@id\":\"https:\\\/\\\/lesaidesdefreddy.com\\\/index.php\\\/produit\\\/ensemble-tunique-bleu-manche-longue\\\/#primaryimage\"},\"thumbnailUrl\":\"https:\\\/\\\/lesaidesdefreddy.com\\\/wp-content\\\/uploads\\\/2023\\\/12\\\/Ensemble-tunique-06.jpeg\",\"datePublished\":\"2023-12-07T17:42:12+00:00\",\"dateModified\":\"2023-12-07T17:45:05+00:00\",\"description\":\"Ensemble Tunique Bleu - Manche Longue 100% en coton glac\u00e9 - Marque : Tunique. Complet haut + pantalon - Tissu qualit\u00e9 sup\u00e9rieur premier choix\",\"breadcrumb\":{\"@id\":\"https:\\\/\\\/lesaidesdefreddy.com\\\/index.php\\\/produit\\\/ensemble-tunique-bleu-manche-longue\\\/#breadcrumb\"},\"inLanguage\":\"fr-FR\",\"potentialAction\":[{\"@type\":\"ReadAction\",\"target\":[\"https:\\\/\\\/lesaidesdefreddy.com\\\/index.php\\\/produit\\\/ensemble-tunique-bleu-manche-longue\\\/\"]}]},{\"@type\":\"ImageObject\",\"inLanguage\":\"fr-FR\",\"@id\":\"https:\\\/\\\/lesaidesdefreddy.com\\\/index.php\\\/produit\\\/ensemble-tunique-bleu-manche-longue\\\/#primaryimage\",\"url\":\"https:\\\/\\\/lesaidesdefreddy.com\\\/wp-content\\\/uploads\\\/2023\\\/12\\\/Ensemble-tunique-06.jpeg\",\"contentUrl\":\"https:\\\/\\\/lesaidesdefreddy.com\\\/wp-content\\\/uploads\\\/2023\\\/12\\\/Ensemble-tunique-06.jpeg\",\"width\":592,\"height\":829},{\"@type\":\"BreadcrumbList\",\"@id\":\"https:\\\/\\\/lesaidesdefreddy.com\\\/index.php\\\/produit\\\/ensemble-tunique-bleu-manche-longue\\\/#breadcrumb\",\"itemListElement\":[{\"@type\":\"ListItem\",\"position\":1,\"name\":\"Accueil\",\"item\":\"https:\\\/\\\/lesaidesdefreddy.com\\\/\"},{\"@type\":\"ListItem\",\"position\":2,\"name\":\"Boutique\",\"item\":\"https:\\\/\\\/lesaidesdefreddy.com\\\/index.php\\\/boutique\\\/\"},{\"@type\":\"ListItem\",\"position\":3,\"name\":\"Ensemble Tunique Bleu &#8211; Manche Longue\"}]},{\"@type\":\"WebSite\",\"@id\":\"https:\\\/\\\/lesaidesdefreddy.com\\\/#website\",\"url\":\"https:\\\/\\\/lesaidesdefreddy.com\\\/\",\"name\":\"LES AIDES DE FREDDY\",\"description\":\"Simplicit\u00e9 &amp; Facilit\u00e9 - Avec Freddy, tout devient simple et tr\u00e8s facile\",\"publisher\":{\"@id\":\"https:\\\/\\\/lesaidesdefreddy.com\\\/#organization\"},\"potentialAction\":[{\"@type\":\"SearchAction\",\"target\":{\"@type\":\"EntryPoint\",\"urlTemplate\":\"https:\\\/\\\/lesaidesdefreddy.com\\\/?s={search_term_string}\"},\"query-input\":{\"@type\":\"PropertyValueSpecification\",\"valueRequired\":true,\"valueName\":\"search_term_string\"}}],\"inLanguage\":\"fr-FR\"},{\"@type\":\"Organization\",\"@id\":\"https:\\\/\\\/lesaidesdefreddy.com\\\/#organization\",\"name\":\"LES AIDES DE FREDDY\",\"url\":\"https:\\\/\\\/lesaidesdefreddy.com\\\/\",\"logo\":{\"@type\":\"ImageObject\",\"inLanguage\":\"fr-FR\",\"@id\":\"https:\\\/\\\/lesaidesdefreddy.com\\\/#\\\/schema\\\/logo\\\/image\\\/\",\"url\":\"https:\\\/\\\/lesaidesdefreddy.com\\\/wp-content\\\/uploads\\\/2023\\\/10\\\/freddy-logo.jpg\",\"contentUrl\":\"https:\\\/\\\/lesaidesdefreddy.com\\\/wp-content\\\/uploads\\\/2023\\\/10\\\/freddy-logo.jpg\",\"width\":150,\"height\":150,\"caption\":\"LES AIDES DE FREDDY\"},\"image\":{\"@id\":\"https:\\\/\\\/lesaidesdefreddy.com\\\/#\\\/schema\\\/logo\\\/image\\\/\"},\"sameAs\":[\"https:\\\/\\\/www.facebook.com\\\/freddyshelp\\\/\",\"https:\\\/\\\/www.youtube.com\\\/@lesaidesdefreddy\"]}]}<\/script>\n<!-- \/ Yoast SEO plugin. -->","yoast_head_json":{"title":"Ensemble Tunique Bleu - Manche Longue - LES AIDES DE FREDDY","description":"Ensemble Tunique Bleu - Manche Longue 100% en coton glac\u00e9 - Marque : Tunique. Complet haut + pantalon - Tissu qualit\u00e9 sup\u00e9rieur premier choix","robots":{"index":"index","follow":"follow","max-snippet":"max-snippet:-1","max-image-preview":"max-image-preview:large","max-video-preview":"max-video-preview:-1"},"canonical":"https:\/\/lesaidesdefreddy.com\/index.php\/produit\/ensemble-tunique-bleu-manche-longue\/","og_locale":"fr_FR","og_type":"article","og_title":"Ensemble Tunique Bleu - Manche Longue - LES AIDES DE FREDDY","og_description":"Ensemble Tunique Bleu - Manche Longue 100% en coton glac\u00e9 - Marque : Tunique. Complet haut + pantalon - Tissu qualit\u00e9 sup\u00e9rieur premier choix","og_url":"https:\/\/lesaidesdefreddy.com\/index.php\/produit\/ensemble-tunique-bleu-manche-longue\/","og_site_name":"LES AIDES DE FREDDY","article_publisher":"https:\/\/www.facebook.com\/freddyshelp\/","article_modified_time":"2023-12-07T17:45:05+00:00","og_image":[{"width":592,"height":829,"url":"https:\/\/lesaidesdefreddy.com\/wp-content\/uploads\/2023\/12\/Ensemble-tunique-06.jpeg","type":"image\/jpeg"}],"twitter_card":"summary_large_image","twitter_misc":{"Dur\u00e9e de lecture estim\u00e9e":"2 minutes"},"schema":{"@context":"https:\/\/schema.org","@graph":[{"@type":"WebPage","@id":"https:\/\/lesaidesdefreddy.com\/index.php\/produit\/ensemble-tunique-bleu-manche-longue\/","url":"https:\/\/lesaidesdefreddy.com\/index.php\/produit\/ensemble-tunique-bleu-manche-longue\/","name":"Ensemble Tunique Bleu - Manche Longue - LES AIDES DE FREDDY","isPartOf":{"@id":"https:\/\/lesaidesdefreddy.com\/#website"},"primaryImageOfPage":{"@id":"https:\/\/lesaidesdefreddy.com\/index.php\/produit\/ensemble-tunique-bleu-manche-longue\/#primaryimage"},"image":{"@id":"https:\/\/lesaidesdefreddy.com\/index.php\/produit\/ensemble-tunique-bleu-manche-longue\/#primaryimage"},"thumbnailUrl":"https:\/\/lesaidesdefreddy.com\/wp-content\/uploads\/2023\/12\/Ensemble-tunique-06.jpeg","datePublished":"2023-12-07T17:42:12+00:00","dateModified":"2023-12-07T17:45:05+00:00","description":"Ensemble Tunique Bleu - Manche Longue 100% en coton glac\u00e9 - Marque : Tunique. Complet haut + pantalon - Tissu qualit\u00e9 sup\u00e9rieur premier choix","breadcrumb":{"@id":"https:\/\/lesaidesdefreddy.com\/index.php\/produit\/ensemble-tunique-bleu-manche-longue\/#breadcrumb"},"inLanguage":"fr-FR","potentialAction":[{"@type":"ReadAction","target":["https:\/\/lesaidesdefreddy.com\/index.php\/produit\/ensemble-tunique-bleu-manche-longue\/"]}]},{"@type":"ImageObject","inLanguage":"fr-FR","@id":"https:\/\/lesaidesdefreddy.com\/index.php\/produit\/ensemble-tunique-bleu-manche-longue\/#primaryimage","url":"https:\/\/lesaidesdefreddy.com\/wp-content\/uploads\/2023\/12\/Ensemble-tunique-06.jpeg","contentUrl":"https:\/\/lesaidesdefreddy.com\/wp-content\/uploads\/2023\/12\/Ensemble-tunique-06.jpeg","width":592,"height":829},{"@type":"BreadcrumbList","@id":"https:\/\/lesaidesdefreddy.com\/index.php\/produit\/ensemble-tunique-bleu-manche-longue\/#breadcrumb","itemListElement":[{"@type":"ListItem","position":1,"name":"Accueil","item":"https:\/\/lesaidesdefreddy.com\/"},{"@type":"ListItem","position":2,"name":"Boutique","item":"https:\/\/lesaidesdefreddy.com\/index.php\/boutique\/"},{"@type":"ListItem","position":3,"name":"Ensemble Tunique Bleu &#8211; Manche Longue"}]},{"@type":"WebSite","@id":"https:\/\/lesaidesdefreddy.com\/#website","url":"https:\/\/lesaidesdefreddy.com\/","name":"LES AIDES DE FREDDY","description":"Simplicit\u00e9 &amp; Facilit\u00e9 - Avec Freddy, tout devient simple et tr\u00e8s facile","publisher":{"@id":"https:\/\/lesaidesdefreddy.com\/#organization"},"potentialAction":[{"@type":"SearchAction","target":{"@type":"EntryPoint","urlTemplate":"https:\/\/lesaidesdefreddy.com\/?s={search_term_string}"},"query-input":{"@type":"PropertyValueSpecification","valueRequired":true,"valueName":"search_term_string"}}],"inLanguage":"fr-FR"},{"@type":"Organization","@id":"https:\/\/lesaidesdefreddy.com\/#organization","name":"LES AIDES DE FREDDY","url":"https:\/\/lesaidesdefreddy.com\/","logo":{"@type":"ImageObject","inLanguage":"fr-FR","@id":"https:\/\/lesaidesdefreddy.com\/#\/schema\/logo\/image\/","url":"https:\/\/lesaidesdefreddy.com\/wp-content\/uploads\/2023\/10\/freddy-logo.jpg","contentUrl":"https:\/\/lesaidesdefreddy.com\/wp-content\/uploads\/2023\/10\/freddy-logo.jpg","width":150,"height":150,"caption":"LES AIDES DE FREDDY"},"image":{"@id":"https:\/\/lesaidesdefreddy.com\/#\/schema\/logo\/image\/"},"sameAs":["https:\/\/www.facebook.com\/freddyshelp\/","https:\/\/www.youtube.com\/@lesaidesdefreddy"]}]}},"_links":{"self":[{"href":"https:\/\/lesaidesdefreddy.com\/index.php\/wp-json\/wp\/v2\/product\/2384","targetHints":{"allow":["GET"]}}],"collection":[{"href":"https:\/\/lesaidesdefreddy.com\/index.php\/wp-json\/wp\/v2\/product"}],"about":[{"href":"https:\/\/lesaidesdefreddy.com\/index.php\/wp-json\/wp\/v2\/types\/product"}],"replies":[{"embeddable":true,"href":"https:\/\/lesaidesdefreddy.com\/index.php\/wp-json\/wp\/v2\/comments?post=2384"}],"wp:featuredmedia":[{"embeddable":true,"href":"https:\/\/lesaidesdefreddy.com\/index.php\/wp-json\/wp\/v2\/media\/2385"}],"wp:attachment":[{"href":"https:\/\/lesaidesdefreddy.com\/index.php\/wp-json\/wp\/v2\/media?parent=2384"}],"wp:term":[{"taxonomy":"product_brand","embeddable":true,"href":"https:\/\/lesaidesdefreddy.com\/index.php\/wp-json\/wp\/v2\/product_brand?post=2384"},{"taxonomy":"product_cat","embeddable":true,"href":"https:\/\/lesaidesdefreddy.com\/index.php\/wp-json\/wp\/v2\/product_cat?post=2384"},{"taxonomy":"product_tag","embeddable":true,"href":"https:\/\/lesaidesdefreddy.com\/index.php\/wp-json\/wp\/v2\/product_tag?post=2384"}],"curies":[{"name":"wp","href":"https:\/\/api.w.org\/{rel}","templated":true}]}}